{"id":517,"date":"2026-03-24T12:58:06","date_gmt":"2026-03-24T12:58:06","guid":{"rendered":"https:\/\/aguapura.life\/?post_type=product&#038;p=517"},"modified":"2026-03-24T12:59:17","modified_gmt":"2026-03-24T12:59:17","slug":"filtro-agua-alcalina-para-toda-la-casa-plus","status":"publish","type":"product","link":"https:\/\/aguapura.life\/en\/product\/filtro-agua-alcalina-para-toda-la-casa-plus\/","title":{"rendered":"Filtro Agua alcalina para toda la casa Plus"},"content":{"rendered":"<div class=\"flex flex-col text-sm pb-25\">\n<article class=\"text-token-text-primary w-full focus:outline-none [--shadow-height:45px] has-data-writing-block:pointer-events-none has-data-writing-block:-mt-(--shadow-height) has-data-writing-block:pt-(--shadow-height) [&amp;:has([data-writing-block])&gt;*]:pointer-events-auto scroll-mt-[calc(var(--header-height)+min(200px,max(70px,20svh)))]\" dir=\"auto\" tabindex=\"-1\" data-turn-id=\"60275cb2-c8e0-4b29-8933-670480b99c2e\" data-testid=\"conversation-turn-6\" data-scroll-anchor=\"true\" data-turn=\"assistant\">\n<div class=\"text-base my-auto mx-auto pb-10 [--thread-content-margin:--spacing(4)] @w-sm\/main:[--thread-content-margin:--spacing(6)] @w-lg\/main:[--thread-content-margin:--spacing(16)] px-(--thread-content-margin)\">\n<div class=\"[--thread-content-max-width:40rem] @w-lg\/main:[--thread-content-max-width:48rem] mx-auto max-w-(--thread-content-max-width) flex-1 group\/turn-messages focus-visible:outline-hidden relative flex w-full min-w-0 flex-col agent-turn\" tabindex=\"-1\">\n<div class=\"flex max-w-full flex-col grow\">\n<div class=\"min-h-8 text-message relative flex w-full flex-col items-end gap-2 text-start break-words whitespace-normal [.text-message+&amp;]:mt-1\" dir=\"auto\" data-message-author-role=\"assistant\" data-message-id=\"e9c1c0a4-338b-4d10-ba4d-c4be3a75bb4a\" data-message-model-slug=\"gpt-5-2\">\n<div class=\"flex w-full flex-col gap-1 empty:hidden first:pt-[1px]\">\n<div class=\"markdown prose dark:prose-invert w-full wrap-break-word dark markdown-new-styling\">\n<p data-start=\"0\" data-end=\"143\">Sistema de <strong data-start=\"11\" data-end=\"63\">filtraci\u00f3n y suavizado de agua para toda la casa<\/strong>, dise\u00f1ado para mejorar la calidad del agua desde el punto de entrada del hogar.<\/p>\n<p data-start=\"145\" data-end=\"442\">El sistema elimina impurezas, sedimentos y compuestos qu\u00edmicos presentes en el agua, ayudando a reducir olores y sabores no deseados. Al mismo tiempo, suaviza el agua dura, disminuyendo la acumulaci\u00f3n de sarro en tuber\u00edas, grifer\u00edas y electrodom\u00e9sticos, lo que contribuye a prolongar su vida \u00fatil.<\/p>\n<p data-start=\"444\" data-end=\"672\">El agua tratada resulta m\u00e1s suave al contacto con la piel y el cabello, favoreciendo una sensaci\u00f3n de mayor limpieza y confort en el uso diario. Tambi\u00e9n permite un mejor desempe\u00f1o de jabones y detergentes, reduciendo su consumo.<\/p>\n<p data-start=\"674\" data-end=\"976\" data-is-last-node=\"\" data-is-only-node=\"\">Est\u00e1 pensado como una soluci\u00f3n integral, eficiente y sostenible, que entrega agua de mejor calidad en toda la vivienda sin necesidad de botellas, bidones ni sistemas externos de recambio constante. Dise\u00f1o robusto, funcionamiento autom\u00e1tico y mantenimiento simplificado para uso residencial o comercial.<\/p>\n<\/div>\n<\/div>\n<\/div>\n<\/div>\n<\/div>\n<\/div>\n<\/article>\n<\/div>","protected":false},"excerpt":{"rendered":"<p data-start=\"0\" data-end=\"97\">Nuestro <strong data-start=\"8\" data-end=\"33\">Sistema Serie Premier<\/strong> es un sistema <strong data-start=\"48\" data-end=\"58\">4 en 1<\/strong> de filtraci\u00f3n y ablandamiento de agua.<\/p>\n<p data-start=\"99\" data-end=\"208\">Se fabrica <strong data-start=\"110\" data-end=\"122\">a medida<\/strong>, ajustando la proporci\u00f3n de filtraci\u00f3n espec\u00edficamente a las necesidades de tu hogar.<\/p>\n<p data-start=\"210\" data-end=\"324\" data-is-last-node=\"\" data-is-only-node=\"\">Cada vivienda y cada ciudad tienen una calidad de agua distinta, por lo que <strong data-start=\"286\" data-end=\"323\">tu sistema tambi\u00e9n debe ser \u00fanico<\/strong>.<\/p>\n<p>instalaci\u00f3n en <strong>California<\/strong> incluida<\/p>","protected":false},"featured_media":518,"comment_status":"open","ping_status":"closed","template":"","meta":[],"product_brand":[],"product_cat":[45],"product_tag":[],"class_list":{"0":"post-517","1":"product","2":"type-product","3":"status-publish","4":"has-post-thumbnail","6":"product_cat-filtro-para-toda-la-casa","8":"first","9":"instock","10":"shipping-taxable","11":"purchasable","12":"product-type-simple"},"_links":{"self":[{"href":"https:\/\/aguapura.life\/en\/wp-json\/wp\/v2\/product\/517","targetHints":{"allow":["GET"]}}],"collection":[{"href":"https:\/\/aguapura.life\/en\/wp-json\/wp\/v2\/product"}],"about":[{"href":"https:\/\/aguapura.life\/en\/wp-json\/wp\/v2\/types\/product"}],"replies":[{"embeddable":true,"href":"https:\/\/aguapura.life\/en\/wp-json\/wp\/v2\/comments?post=517"}],"wp:featuredmedia":[{"embeddable":true,"href":"https:\/\/aguapura.life\/en\/wp-json\/wp\/v2\/media\/518"}],"wp:attachment":[{"href":"https:\/\/aguapura.life\/en\/wp-json\/wp\/v2\/media?parent=517"}],"wp:term":[{"taxonomy":"product_brand","embeddable":true,"href":"https:\/\/aguapura.life\/en\/wp-json\/wp\/v2\/product_brand?post=517"},{"taxonomy":"product_cat","embeddable":true,"href":"https:\/\/aguapura.life\/en\/wp-json\/wp\/v2\/product_cat?post=517"},{"taxonomy":"product_tag","embeddable":true,"href":"https:\/\/aguapura.life\/en\/wp-json\/wp\/v2\/product_tag?post=517"}],"curies":[{"name":"wp","href":"https:\/\/api.w.org\/{rel}","templated":true}]}}